{"id":632,"date":"2024-10-17T01:20:37","date_gmt":"2024-10-16T23:20:37","guid":{"rendered":"http:\/\/tuktukkairos.baloo-go.es\/?page_id=632"},"modified":"2024-10-19T02:42:00","modified_gmt":"2024-10-19T00:42:00","slug":"galeria","status":"publish","type":"page","link":"https:\/\/tuktukkairos.com\/en\/galeria\/","title":{"rendered":"Galer\u00eda"},"content":{"rendered":"<div data-elementor-type=\"wp-page\" data-elementor-id=\"632\" class=\"elementor elementor-632\">\n\t\t\t\t<div class=\"elementor-element elementor-element-a98ea94 e-flex e-con-boxed e-con e-parent\" data-id=\"a98ea94\" data-element_type=\"container\" data-e-type=\"container\">\n\t\t\t\t\t<div class=\"e-con-inner\">\n\t\t\t\t<div class=\"elementor-element elementor-element-5d4ccd7 elementor-widget elementor-widget-heading\" data-id=\"5d4ccd7\" data-element_type=\"widget\" data-e-type=\"widget\" data-widget_type=\"heading.default\">\n\t\t\t\t<div class=\"elementor-widget-container\">\n\t\t\t\t\t<h1 class=\"elementor-heading-title elementor-size-default\">Galer\u00eda Tuk tuk Kair\u00f3s<\/h1>\t\t\t\t<\/div>\n\t\t\t\t<\/div>\n\t\t\t\t<div class=\"elementor-element elementor-element-0fcbfca elementor-widget elementor-widget-text-editor\" data-id=\"0fcbfca\" data-element_type=\"widget\" data-e-type=\"widget\" data-widget_type=\"text-editor.default\">\n\t\t\t\t<div class=\"elementor-widget-container\">\n\t\t\t\t\t\t\t\t\t<section>\n   <p>Bienvenido a nuestra galer\u00eda de TukTuks, donde podr\u00e1s explorar la vibrante cultura de M\u00e1laga a trav\u00e9s de sus ic\u00f3nicos veh\u00edculos el\u00e9ctricos. Cada TukTuk cuenta una historia \u00fanica mientras recorren las calles de esta hermosa ciudad andaluza. Descubre c\u00f3mo estos encantadores medios de transporte se han convertido en una forma popular de explorar los puntos m\u00e1s emblem\u00e1ticos de M\u00e1laga, desde la majestuosa Alcazaba hasta las playas de La Malagueta. Disfruta de las fotos y v\u00eddeos que capturan la esencia de estos recorridos, llenos de color y vida.<\/p>\n<\/section>\n\t\t\t\t\t\t\t\t<\/div>\n\t\t\t\t<\/div>\n\t\t\t\t\t<\/div>\n\t\t\t\t<\/div>\n\t\t<div class=\"elementor-element elementor-element-3fadc8e e-flex e-con-boxed e-con e-parent\" data-id=\"3fadc8e\" data-element_type=\"container\" data-e-type=\"container\">\n\t\t\t\t\t<div class=\"e-con-inner\">\n\t\t<div class=\"elementor-element elementor-element-16c61a4 e-con-full e-flex e-con e-child\" data-id=\"16c61a4\" data-element_type=\"container\" data-e-type=\"container\">\n\t\t\t\t<div class=\"elementor-element elementor-element-000cded elementor-widget elementor-widget-image\" data-id=\"000cded\" data-element_type=\"widget\" data-e-type=\"widget\" data-widget_type=\"image.default\">\n\t\t\t\t<div class=\"elementor-widget-container\">\n\t\t\t\t\t\t\t\t\t\t\t\t\t\t\t<img fetchpriority=\"high\" decoding=\"async\" width=\"1020\" height=\"765\" src=\"https:\/\/tuktukkairos.com\/wp-content\/uploads\/2024\/10\/FOTO-CON-LOGO-6-1024x768.jpg\" class=\"attachment-large size-large wp-image-499\" alt=\"tuk tuk\" srcset=\"https:\/\/tuktukkairos.com\/wp-content\/uploads\/2024\/10\/FOTO-CON-LOGO-6-1024x768.jpg 1024w, https:\/\/tuktukkairos.com\/wp-content\/uploads\/2024\/10\/FOTO-CON-LOGO-6-300x225.jpg 300w, https:\/\/tuktukkairos.com\/wp-content\/uploads\/2024\/10\/FOTO-CON-LOGO-6-768x576.jpg 768w, https:\/\/tuktukkairos.com\/wp-content\/uploads\/2024\/10\/FOTO-CON-LOGO-6-1536x1152.jpg 1536w, https:\/\/tuktukkairos.com\/wp-content\/uploads\/2024\/10\/FOTO-CON-LOGO-6-16x12.jpg 16w, https:\/\/tuktukkairos.com\/wp-content\/uploads\/2024\/10\/FOTO-CON-LOGO-6-600x450.jpg 600w, https:\/\/tuktukkairos.com\/wp-content\/uploads\/2024\/10\/FOTO-CON-LOGO-6.jpg 2048w\" sizes=\"(max-width: 1020px) 100vw, 1020px\" \/>\t\t\t\t\t\t\t\t\t\t\t\t\t\t\t<\/div>\n\t\t\t\t<\/div>\n\t\t\t\t<\/div>\n\t\t<div class=\"elementor-element elementor-element-1555c07 e-con-full e-flex e-con e-child\" data-id=\"1555c07\" data-element_type=\"container\" data-e-type=\"container\">\n\t\t<div class=\"elementor-element elementor-element-7215fd1 e-grid e-con-full e-con e-child\" data-id=\"7215fd1\" data-element_type=\"container\" data-e-type=\"container\">\n\t\t\t\t<div class=\"elementor-element elementor-element-31031fe elementor-widget elementor-widget-image\" data-id=\"31031fe\" data-element_type=\"widget\" data-e-type=\"widget\" data-widget_type=\"image.default\">\n\t\t\t\t<div class=\"elementor-widget-container\">\n\t\t\t\t\t\t\t\t\t\t\t\t\t\t\t<img decoding=\"async\" width=\"1020\" height=\"765\" src=\"https:\/\/tuktukkairos.com\/wp-content\/uploads\/2024\/10\/FOTO-CON-LOGO-4-1024x768.jpg\" class=\"attachment-large size-large wp-image-497\" alt=\"\" srcset=\"https:\/\/tuktukkairos.com\/wp-content\/uploads\/2024\/10\/FOTO-CON-LOGO-4-1024x768.jpg 1024w, https:\/\/tuktukkairos.com\/wp-content\/uploads\/2024\/10\/FOTO-CON-LOGO-4-300x225.jpg 300w, https:\/\/tuktukkairos.com\/wp-content\/uploads\/2024\/10\/FOTO-CON-LOGO-4-768x576.jpg 768w, https:\/\/tuktukkairos.com\/wp-content\/uploads\/2024\/10\/FOTO-CON-LOGO-4-1536x1152.jpg 1536w, https:\/\/tuktukkairos.com\/wp-content\/uploads\/2024\/10\/FOTO-CON-LOGO-4-16x12.jpg 16w, https:\/\/tuktukkairos.com\/wp-content\/uploads\/2024\/10\/FOTO-CON-LOGO-4-600x450.jpg 600w, https:\/\/tuktukkairos.com\/wp-content\/uploads\/2024\/10\/FOTO-CON-LOGO-4.jpg 2048w\" sizes=\"(max-width: 1020px) 100vw, 1020px\" \/>\t\t\t\t\t\t\t\t\t\t\t\t\t\t\t<\/div>\n\t\t\t\t<\/div>\n\t\t\t\t<div class=\"elementor-element elementor-element-0391036 elementor-widget elementor-widget-image\" data-id=\"0391036\" data-element_type=\"widget\" data-e-type=\"widget\" data-widget_type=\"image.default\">\n\t\t\t\t<div class=\"elementor-widget-container\">\n\t\t\t\t\t\t\t\t\t\t\t\t\t\t\t<img decoding=\"async\" width=\"1020\" height=\"765\" src=\"https:\/\/tuktukkairos.com\/wp-content\/uploads\/2024\/10\/FOTO-CON-LOGO-3-1024x768.jpg\" class=\"attachment-large size-large wp-image-496\" alt=\"\" srcset=\"https:\/\/tuktukkairos.com\/wp-content\/uploads\/2024\/10\/FOTO-CON-LOGO-3-1024x768.jpg 1024w, https:\/\/tuktukkairos.com\/wp-content\/uploads\/2024\/10\/FOTO-CON-LOGO-3-300x225.jpg 300w, https:\/\/tuktukkairos.com\/wp-content\/uploads\/2024\/10\/FOTO-CON-LOGO-3-768x576.jpg 768w, https:\/\/tuktukkairos.com\/wp-content\/uploads\/2024\/10\/FOTO-CON-LOGO-3-1536x1152.jpg 1536w, https:\/\/tuktukkairos.com\/wp-content\/uploads\/2024\/10\/FOTO-CON-LOGO-3-16x12.jpg 16w, https:\/\/tuktukkairos.com\/wp-content\/uploads\/2024\/10\/FOTO-CON-LOGO-3-600x450.jpg 600w, https:\/\/tuktukkairos.com\/wp-content\/uploads\/2024\/10\/FOTO-CON-LOGO-3.jpg 2048w\" sizes=\"(max-width: 1020px) 100vw, 1020px\" \/>\t\t\t\t\t\t\t\t\t\t\t\t\t\t\t<\/div>\n\t\t\t\t<\/div>\n\t\t\t\t<\/div>\n\t\t\t\t<\/div>\n\t\t<div class=\"elementor-element elementor-element-e7736dc e-con-full e-flex e-con e-child\" data-id=\"e7736dc\" data-element_type=\"container\" data-e-type=\"container\">\n\t\t<div class=\"elementor-element elementor-element-6aac791 e-grid e-con-full e-con e-child\" data-id=\"6aac791\" data-element_type=\"container\" data-e-type=\"container\">\n\t\t\t\t<div class=\"elementor-element elementor-element-feb38a4 elementor-widget elementor-widget-image\" data-id=\"feb38a4\" data-element_type=\"widget\" data-e-type=\"widget\" data-widget_type=\"image.default\">\n\t\t\t\t<div class=\"elementor-widget-container\">\n\t\t\t\t\t\t\t\t\t\t\t\t\t\t\t<img loading=\"lazy\" decoding=\"async\" width=\"768\" height=\"1024\" src=\"https:\/\/tuktukkairos.com\/wp-content\/uploads\/2024\/10\/FOTO-CON-LOGO-1-768x1024.jpg\" class=\"attachment-medium_large size-medium_large wp-image-500\" alt=\"\" srcset=\"https:\/\/tuktukkairos.com\/wp-content\/uploads\/2024\/10\/FOTO-CON-LOGO-1-768x1024.jpg 768w, https:\/\/tuktukkairos.com\/wp-content\/uploads\/2024\/10\/FOTO-CON-LOGO-1-225x300.jpg 225w, https:\/\/tuktukkairos.com\/wp-content\/uploads\/2024\/10\/FOTO-CON-LOGO-1-1152x1536.jpg 1152w, https:\/\/tuktukkairos.com\/wp-content\/uploads\/2024\/10\/FOTO-CON-LOGO-1-9x12.jpg 9w, https:\/\/tuktukkairos.com\/wp-content\/uploads\/2024\/10\/FOTO-CON-LOGO-1-600x800.jpg 600w, https:\/\/tuktukkairos.com\/wp-content\/uploads\/2024\/10\/FOTO-CON-LOGO-1.jpg 1200w\" sizes=\"(max-width: 768px) 100vw, 768px\" \/>\t\t\t\t\t\t\t\t\t\t\t\t\t\t\t<\/div>\n\t\t\t\t<\/div>\n\t\t\t\t<div class=\"elementor-element elementor-element-9e9db8b elementor-widget elementor-widget-image\" data-id=\"9e9db8b\" data-element_type=\"widget\" data-e-type=\"widget\" data-widget_type=\"image.default\">\n\t\t\t\t<div class=\"elementor-widget-container\">\n\t\t\t\t\t\t\t\t\t\t\t\t\t\t\t<img loading=\"lazy\" decoding=\"async\" width=\"1020\" height=\"765\" src=\"https:\/\/tuktukkairos.com\/wp-content\/uploads\/2024\/10\/FOTO-CON-LOGO-5-1024x768.jpg\" class=\"attachment-large size-large wp-image-498\" alt=\"\" srcset=\"https:\/\/tuktukkairos.com\/wp-content\/uploads\/2024\/10\/FOTO-CON-LOGO-5-1024x768.jpg 1024w, https:\/\/tuktukkairos.com\/wp-content\/uploads\/2024\/10\/FOTO-CON-LOGO-5-300x225.jpg 300w, https:\/\/tuktukkairos.com\/wp-content\/uploads\/2024\/10\/FOTO-CON-LOGO-5-768x576.jpg 768w, https:\/\/tuktukkairos.com\/wp-content\/uploads\/2024\/10\/FOTO-CON-LOGO-5-1536x1152.jpg 1536w, https:\/\/tuktukkairos.com\/wp-content\/uploads\/2024\/10\/FOTO-CON-LOGO-5-16x12.jpg 16w, https:\/\/tuktukkairos.com\/wp-content\/uploads\/2024\/10\/FOTO-CON-LOGO-5-600x450.jpg 600w, https:\/\/tuktukkairos.com\/wp-content\/uploads\/2024\/10\/FOTO-CON-LOGO-5.jpg 1600w\" sizes=\"(max-width: 1020px) 100vw, 1020px\" \/>\t\t\t\t\t\t\t\t\t\t\t\t\t\t\t<\/div>\n\t\t\t\t<\/div>\n\t\t\t\t<\/div>\n\t\t\t\t<\/div>\n\t\t<div class=\"elementor-element elementor-element-2fd7efb e-con-full e-flex e-con e-child\" data-id=\"2fd7efb\" data-element_type=\"container\" data-e-type=\"container\">\n\t\t\t\t<div class=\"elementor-element elementor-element-11aac8b elementor-widget elementor-widget-image\" data-id=\"11aac8b\" data-element_type=\"widget\" data-e-type=\"widget\" data-widget_type=\"image.default\">\n\t\t\t\t<div class=\"elementor-widget-container\">\n\t\t\t\t\t\t\t\t\t\t\t\t\t\t\t<img loading=\"lazy\" decoding=\"async\" width=\"1020\" height=\"765\" src=\"https:\/\/tuktukkairos.com\/wp-content\/uploads\/2024\/10\/FOTO-CON-LOGO-2-1024x768.jpg\" class=\"attachment-large size-large wp-image-495\" alt=\"\" srcset=\"https:\/\/tuktukkairos.com\/wp-content\/uploads\/2024\/10\/FOTO-CON-LOGO-2-1024x768.jpg 1024w, https:\/\/tuktukkairos.com\/wp-content\/uploads\/2024\/10\/FOTO-CON-LOGO-2-300x225.jpg 300w, https:\/\/tuktukkairos.com\/wp-content\/uploads\/2024\/10\/FOTO-CON-LOGO-2-768x576.jpg 768w, https:\/\/tuktukkairos.com\/wp-content\/uploads\/2024\/10\/FOTO-CON-LOGO-2-1536x1152.jpg 1536w, https:\/\/tuktukkairos.com\/wp-content\/uploads\/2024\/10\/FOTO-CON-LOGO-2-16x12.jpg 16w, https:\/\/tuktukkairos.com\/wp-content\/uploads\/2024\/10\/FOTO-CON-LOGO-2-600x450.jpg 600w, https:\/\/tuktukkairos.com\/wp-content\/uploads\/2024\/10\/FOTO-CON-LOGO-2.jpg 2048w\" sizes=\"(max-width: 1020px) 100vw, 1020px\" \/>\t\t\t\t\t\t\t\t\t\t\t\t\t\t\t<\/div>\n\t\t\t\t<\/div>\n\t\t\t\t<\/div>\n\t\t\t\t\t<\/div>\n\t\t\t\t<\/div>\n\t\t\t\t<\/div>","protected":false},"excerpt":{"rendered":"<p>Galer\u00eda Tuk tuk Kair\u00f3s Bienvenido a nuestra galer\u00eda de TukTuks, donde podr\u00e1s explorar la vibrante cultura de M\u00e1laga a trav\u00e9s de sus ic\u00f3nicos veh\u00edculos el\u00e9ctricos. Cada TukTuk cuenta una historia \u00fanica mientras recorren las calles de esta hermosa ciudad andaluza. Descubre c\u00f3mo estos encantadores medios de transporte se han convertido en una forma popular de [&#8230;]","protected":false},"author":7,"featured_media":0,"parent":0,"menu_order":0,"comment_status":"closed","ping_status":"closed","template":"page-blank.php","meta":{"footnotes":""},"class_list":["post-632","page","type-page","status-publish","hentry"],"aioseo_notices":[],"_links":{"self":[{"href":"https:\/\/tuktukkairos.com\/en\/wp-json\/wp\/v2\/pages\/632","targetHints":{"allow":["GET"]}}],"collection":[{"href":"https:\/\/tuktukkairos.com\/en\/wp-json\/wp\/v2\/pages"}],"about":[{"href":"https:\/\/tuktukkairos.com\/en\/wp-json\/wp\/v2\/types\/page"}],"author":[{"embeddable":true,"href":"https:\/\/tuktukkairos.com\/en\/wp-json\/wp\/v2\/users\/7"}],"replies":[{"embeddable":true,"href":"https:\/\/tuktukkairos.com\/en\/wp-json\/wp\/v2\/comments?post=632"}],"version-history":[{"count":20,"href":"https:\/\/tuktukkairos.com\/en\/wp-json\/wp\/v2\/pages\/632\/revisions"}],"predecessor-version":[{"id":660,"href":"https:\/\/tuktukkairos.com\/en\/wp-json\/wp\/v2\/pages\/632\/revisions\/660"}],"wp:attachment":[{"href":"https:\/\/tuktukkairos.com\/en\/wp-json\/wp\/v2\/media?parent=632"}],"curies":[{"name":"wp","href":"https:\/\/api.w.org\/{rel}","templated":true}]}}