{"id":739,"date":"2024-12-19T15:33:28","date_gmt":"2024-12-19T14:33:28","guid":{"rendered":"https:\/\/tuktukkairos.com\/?page_id=739"},"modified":"2024-12-19T15:42:15","modified_gmt":"2024-12-19T14:42:15","slug":"nuestra-empresa","status":"publish","type":"page","link":"https:\/\/tuktukkairos.com\/en\/nuestra-empresa\/","title":{"rendered":"Nuestra empresa"},"content":{"rendered":"<div class=\"slider-wrapper relative\" id=\"slider-287974931\" >\n    <div class=\"slider slider-nav-circle slider-nav-large slider-nav-light slider-style-normal\"\n        data-flickity-options='{            \"cellAlign\": \"center\",            \"imagesLoaded\": true,            \"lazyLoad\": 1,            \"freeScroll\": false,            \"wrapAround\": false,            \"autoPlay\": 6000,            \"pauseAutoPlayOnHover\" : true,            \"prevNextButtons\": true,            \"contain\" : true,            \"adaptiveHeight\" : true,            \"dragThreshold\" : 10,            \"percentPosition\": true,            \"pageDots\": false,            \"rightToLeft\": false,            \"draggable\": true,            \"selectedAttraction\": 0.1,            \"parallax\" : 0,            \"friction\": 0.6        }'\n        >\n        \n\n\n  <div class=\"banner has-hover sticky-section has-slide-effect slide-zoom-in\" id=\"banner-116664167\">\n          <div class=\"banner-inner fill\">\n        <div class=\"banner-bg fill\" >\n            <div class=\"bg fill bg-fill\"><\/div>\n                        <div class=\"overlay\"><\/div>            \n\t<div class=\"is-border\"\n\t\tstyle=\"border-width:90px 0px 0px 0px;margin:0px 0px 0px 0px;\">\n\t<\/div>\n                    <\/div>\n\t\t\n        <div class=\"banner-layers container\">\n            <div class=\"fill banner-link\"><\/div>            \n\n   <div id=\"text-box-587171016\" class=\"text-box banner-layer x50 md-x50 lg-x50 y50 md-y50 lg-y50 res-text\">\n                                <div class=\"text-box-content text dark\">\n              \n              <div class=\"text-inner text-center\">\n                  \n\n\t<div id=\"text-2924385505\" class=\"text\">\n\t\t\n\n<h1 class=\"lightheadline\" style=\"text-align: center;\"><span style=\"font-size: 75%;\">Empresa de transporte tur\u00edstico en <\/span><\/h1>\n<h1 class=\"lightheadline\" style=\"text-align: center;\">M\u00c1LAGA<\/h1>\n<hr \/>\n<p>\u00a0<\/p>\n\t\t\n<style>\n#text-2924385505 {\n  font-size: 0.75rem;\n  line-height: 0.75;\n}\n<\/style>\n\t<\/div>\n\t\n<a data-animate=\"fadeInRight\" class=\"button white is-underline\"  >\n    <span>CONTACTO<\/span>\n  <\/a>\n\n\n\n              <\/div>\n           <\/div>\n                            \n<style>\n#text-box-587171016 {\n  width: 60%;\n}\n#text-box-587171016 .text-box-content {\n  font-size: 100%;\n}\n<\/style>\n    <\/div>\n \n\n        <\/div>\n      <\/div>\n\n            \n<style>\n#banner-116664167 {\n  padding-top: 33.3%;\n  background-color: rgb(0,0,0);\n}\n#banner-116664167 .bg.bg-loaded {\n  background-image: url(https:\/\/tuktukkairos.com\/wp-content\/uploads\/2024\/12\/50772661056_fb5028339d_h-1-1024x683.jpg);\n}\n#banner-116664167 .overlay {\n  background-color: rgba(0, 0, 0, 0.5);\n}\n<\/style>\n  <\/div>\n\n\n\n     <\/div>\n\n     <div class=\"loading-spin dark large centered\"><\/div>\n\n\t\n<style>\n#slider-287974931 .flickity-slider > * {\n  max-width: 100%!important;\n}\n<\/style>\n<\/div>\n\n\n\t<section class=\"section has-mask mask-angled-right\" id=\"section_552861371\">\n\t\t<div class=\"bg section-bg fill bg-fill  bg-loaded\" >\n\n\t\t\t\n\t\t\t<div class=\"section-bg-overlay absolute fill\"><\/div>\n\t\t\t\n\n\t\t<\/div>\n\n\t\t\t<div class=\"ux-shape-divider ux-shape-divider--top ux-shape-divider--style-waves-opacity-3\">\n\t\t<svg viewbox=\"0 0 1000 300\" xmlns=\"http:\/\/www.w3.org\/2000\/svg\" preserveaspectratio=\"none\">\n\t<path class=\"ux-shape-fill\" opacity=\"0.05\" d=\"M1014 264V386H206L34 300C34 300 344.42 277.16 436 221C542 156 590 160 704 209C811 255 899.11 214.94 979 346L1014 264Z\"\/>\n\t<path class=\"ux-shape-fill\" opacity=\"0.1\" d=\"M-302 55C-302 55 -66.73 263.25 50 214C178 160 283 116 353 141C445.68 174.1 534.28 256.19 588 249C692.9 235 764.52 75.94 855 131C940.61 183.09 1000 254 1000 254V328L-306 338L-302 55Z\"\/>\n\t<path class=\"ux-shape-fill\" opacity=\"0.15\" d=\"M-286 255C-286 255 -72 152 52 126C176 100 255 155 436 227C581.57 284.91 614.7 277.79 708 227C787 184 1009 3.0001 1093 164C1146 265.63 1031 293 1031 293L924 377L-288 389L-286 255Z\"\/>\n\t<path class=\"ux-shape-fill\" opacity=\"0.3\" d=\"M-24 69C-24 69 275.68 370.66 389 314C397 310 622 316 673 356C690.47 369.7 845 224 890 182C944.8 130.85 1018 92 1078 143C1154.12 207.7 1196 242 1196 242L1184 374L-28 386L-24 69Z\"\/>\n\t<path class=\"ux-shape-fill\" d=\"M-12 201C-12 201 58 284 182 258C306 232 342.29 221.23 456 264C565 305 640.82 288.36 721 249C776 222 837.5 191.31 935 253C984 284 1030 279 1030 279L1024 430L-12 440V201Z\"\/>\n<\/svg>\n\t<\/div>\n\n\n\t\t<div class=\"section-content relative\">\n\t\t\t\n\n\t<div id=\"text-342280694\" class=\"text\">\n\t\t\n\n<p>En Kair\u00f3s, somos una empresa innovadora que se especializa en ofrecer servicios de transporte tur\u00edstico sostenible mediante tuk tuk el\u00e9ctricos en M\u00e1laga. Nuestro compromiso es hacer que cada recorrido sea una experiencia \u00fanica, combinando comodidad, diversi\u00f3n y respeto por el medio ambiente.<\/p>\n\t\t\n<style>\n#text-342280694 {\n  font-size: 1.2rem;\n  text-align: left;\n  color: rgb(0,0,0);\n}\n#text-342280694 > * {\n  color: rgb(0,0,0);\n}\n<\/style>\n\t<\/div>\n\t\n<div class=\"row\"  id=\"row-1722750272\">\n\n\n\t<div id=\"col-570657781\" class=\"col medium-4 small-12 large-4\"  >\n\t\t\t\t<div class=\"col-inner text-center dark\" style=\"background-color:rgb(0,0,0);\" >\n\t\t\t\n\t\t\t\n\n<div class=\"ux-logo has-hover align-middle ux_logo inline-block\" style=\"max-width: 100%!important; width: 80px!important\"><div class=\"ux-logo-link block image-\" title=\"\" href=\"\" style=\"padding: 15px;\"><img decoding=\"async\" src=\"https:\/\/tuktukkairos.com\/wp-content\/uploads\/2024\/04\/earth-line.png\" title=\"\" alt=\"\" class=\"ux-logo-image block\" style=\"height:50px;\" \/><\/div><\/div>\n\n\t<div id=\"text-1631198480\" class=\"text\">\n\t\t\n\n<h2 class=\"lightsmallsubtitle\" style=\"text-align: center;\">Movilidad sostenible al servicio del turismo en M\u00e1laga<\/h2>\n<p style=\"text-align: center;\">Nos apasiona la sostenibilidad y creemos en un turismo que cuide nuestro entorno. Por eso, utilizamos tuk tuk el\u00e9ctricos, una opci\u00f3n de transporte limpia y silenciosa, que te permite disfrutar de la ciudad sin impacto ambiental. Adem\u00e1s, nuestros gu\u00edas locales est\u00e1n dedicados a ofrecerte un recorrido enriquecedor, compartiendo contigo la historia, cultura y secretos de M\u00e1laga.<\/p>\n\t\t\n<style>\n#text-1631198480 {\n  font-size: 0.82rem;\n  line-height: 2.15;\n}\n<\/style>\n\t<\/div>\n\t\n\n\t\t<\/div>\n\t\t\t\t\t<\/div>\n\n\t\n\n\t<div id=\"col-1939309518\" class=\"col medium-4 small-12 large-4\"  >\n\t\t\t\t<div class=\"col-inner text-center dark\" style=\"background-color:rgb(0,0,0);\" >\n\t\t\t\n\t\t\t\n\n<div class=\"ux-logo has-hover align-middle ux_logo inline-block\" style=\"max-width: 100%!important; width: 80px!important\"><div class=\"ux-logo-link block image-\" title=\"\" href=\"\" style=\"padding: 15px;\"><img decoding=\"async\" src=\"https:\/\/tuktukkairos.com\/wp-content\/uploads\/2024\/04\/hotel-line.png\" title=\"\" alt=\"\" class=\"ux-logo-image block\" style=\"height:50px;\" \/><\/div><\/div>\n\n\t<div id=\"text-1233598604\" class=\"text\">\n\t\t\n\n<h2 class=\"lightsmallsubtitle\" style=\"text-align: center;\">Experiencia ecol\u00f3gica y \u00fanica para turistas y residentes<\/h2>\n<p style=\"text-align: center;\">Nuestro objetivo es fomentar la movilidad sostenible mientras ofrecemos una experiencia \u00fanica tanto a turistas como a residentes. Desde el encantador casco antiguo de M\u00e1laga, con su majestuosa Catedral y la hist\u00f3rica Alcazaba, hasta el moderno y cautivador Museo Pompidou, nuestros recorridos est\u00e1n dise\u00f1ados para que explores la ciudad de forma c\u00f3moda, ecol\u00f3gica y respetuosa. Con cada paso, descubrir\u00e1s la rica historia, la cultura vibrante y los rincones m\u00e1s emblem\u00e1ticos de M\u00e1laga, todo mientras cuidamos del medio ambiente.<\/p>\n\t\t\n<style>\n#text-1233598604 {\n  font-size: 0.75rem;\n  line-height: 2;\n}\n<\/style>\n\t<\/div>\n\t\n\n\t\t<\/div>\n\t\t\t\t\t<\/div>\n\n\t\n\n\t<div id=\"col-1876112272\" class=\"col medium-4 small-12 large-4\"  >\n\t\t\t\t<div class=\"col-inner text-center dark\" style=\"background-color:rgb(0, 0, 0);\" >\n\t\t\t\n\t\t\t\n\n<div class=\"ux-logo has-hover align-middle ux_logo inline-block\" style=\"max-width: 100%!important; width: 80px!important\"><div class=\"ux-logo-link block image-\" title=\"\" href=\"\" style=\"padding: 15px;\"><img decoding=\"async\" src=\"https:\/\/tuktukkairos.com\/wp-content\/uploads\/2024\/04\/1.png\" title=\"\" alt=\"\" class=\"ux-logo-image block\" style=\"height:50px;\" \/><\/div><\/div>\n\n\t<div id=\"text-447160028\" class=\"text\">\n\t\t\n\n<h2 class=\"lightsmallsubtitle\" style=\"text-align: center;\">Nuestro equipo<\/h2>\n<p style=\"text-align: center;\">Con un equipo apasionado por la sostenibilidad y la cultura local, en KAIR\u00d3S estamos comprometidos con el turismo responsable. Nos esforzamos por conectar a nuestros clientes con la esencia de Valencia mientras contribuimos al cuidado del planeta.<\/p>\n\t\t\n<style>\n#text-447160028 {\n  font-size: 1.05rem;\n  line-height: 2.15;\n}\n<\/style>\n\t<\/div>\n\t\n\n\t\t<\/div>\n\t\t\t\t\t<\/div>\n\n\t\n\n<\/div>\n\n\t\t<\/div>\n\n\t\t\n<style>\n#section_552861371 {\n  padding-top: 25px;\n  padding-bottom: 25px;\n  background-color: #3b9fb1;\n}\n#section_552861371 .section-bg-overlay {\n  background-color: rgba(255,255,255,.5);\n}\n#section_552861371 .ux-shape-divider--top svg {\n  height: 150px;\n  --divider-top-width: 100%;\n}\n<\/style>\n\t<\/section>\n\t\n\t<section class=\"section dark\" id=\"section_513629768\">\n\t\t<div class=\"bg section-bg fill bg-fill  bg-loaded\" >\n\n\t\t\t\n\t\t\t\n\t\t\t\n\n\t\t<\/div>\n\n\t\t\n\n\t\t<div class=\"section-content relative\">\n\t\t\t\n\n\t<div id=\"text-3799742734\" class=\"text\">\n\t\t\n\n<div id=\"m4982\" class=\"module text\">\n<p class=\"lightheadline\" style=\"text-align: center;\"><span style=\"font-size: 120%;\"><span style=\"font-size: 100%;\">CONOCE NUESTRO COMPROMISO CON LA SOSTENIBILIDAD<\/span><br \/><\/span><\/p>\n<\/div>\n<div class=\"module text\">\n<p class=\"spottext\" style=\"text-align: center;\"><span style=\"font-size: 90%;\">Descubre qui\u00e9nes somos y qu\u00e9 nos inspira<\/span><\/p>\n<\/div>\n\t\t\n<style>\n#text-3799742734 {\n  font-size: 1.7rem;\n  line-height: 0.8;\n  text-align: center;\n}\n<\/style>\n\t<\/div>\n\t\n<a class=\"button primary expand\"  style=\"border-radius:99px;padding:0px 0px 0px 0px;\">\n    <span>RESERVA YA!<\/span>\n  <\/a>\n\n\n\n\t\t<\/div>\n\n\t\t\n<style>\n#section_513629768 {\n  padding-top: 30px;\n  padding-bottom: 30px;\n  background-color: rgb(40, 40, 40);\n}\n<\/style>\n\t<\/section>\n\t\n<div class=\"social-icons follow-icons full-width text-center\" ><a href=\"www.instagram.com\/tuktukkairos\" target=\"_blank\" data-label=\"Instagram\" class=\"icon primary button circle instagram tooltip\" title=\"Follow on Instagram\" aria-label=\"Follow on Instagram\" rel=\"noopener nofollow\" ><i class=\"icon-instagram\" ><\/i><\/a><a href=\"mailto:tuktukkairos@gmail.com\" data-label=\"E-mail\" target=\"_blank\" class=\"icon primary button circle email tooltip\" title=\"Send us an email\" aria-label=\"Send us an email\" rel=\"nofollow noopener\" ><i class=\"icon-envelop\" ><\/i><\/a><a href=\"tel:+34658159559\" data-label=\"Phone\" target=\"_blank\" class=\"icon primary button circle phone tooltip\" title=\"Call us\" aria-label=\"Call us\" rel=\"nofollow noopener\" ><i class=\"icon-phone\" ><\/i><\/a><\/div>","protected":false},"excerpt":{"rendered":"","protected":false},"author":6,"featured_media":0,"parent":0,"menu_order":0,"comment_status":"closed","ping_status":"closed","template":"page-transparent-header-light.php","meta":{"footnotes":""},"class_list":["post-739","page","type-page","status-publish","hentry"],"aioseo_notices":[],"_links":{"self":[{"href":"https:\/\/tuktukkairos.com\/en\/wp-json\/wp\/v2\/pages\/739","targetHints":{"allow":["GET"]}}],"collection":[{"href":"https:\/\/tuktukkairos.com\/en\/wp-json\/wp\/v2\/pages"}],"about":[{"href":"https:\/\/tuktukkairos.com\/en\/wp-json\/wp\/v2\/types\/page"}],"author":[{"embeddable":true,"href":"https:\/\/tuktukkairos.com\/en\/wp-json\/wp\/v2\/users\/6"}],"replies":[{"embeddable":true,"href":"https:\/\/tuktukkairos.com\/en\/wp-json\/wp\/v2\/comments?post=739"}],"version-history":[{"count":4,"href":"https:\/\/tuktukkairos.com\/en\/wp-json\/wp\/v2\/pages\/739\/revisions"}],"predecessor-version":[{"id":744,"href":"https:\/\/tuktukkairos.com\/en\/wp-json\/wp\/v2\/pages\/739\/revisions\/744"}],"wp:attachment":[{"href":"https:\/\/tuktukkairos.com\/en\/wp-json\/wp\/v2\/media?parent=739"}],"curies":[{"name":"wp","href":"https:\/\/api.w.org\/{rel}","templated":true}]}}