{"id":503,"date":"2024-10-14T19:25:08","date_gmt":"2024-10-14T17:25:08","guid":{"rendered":"http:\/\/tuktukkairos.baloo-go.es\/?page_id=503"},"modified":"2025-04-25T23:44:07","modified_gmt":"2025-04-25T21:44:07","slug":"reserva-online","status":"publish","type":"page","link":"https:\/\/tuktukkairos.com\/es_es\/reserva-online\/","title":{"rendered":"Reserva Online"},"content":{"rendered":"\t\t<div data-elementor-type=\"wp-page\" data-elementor-id=\"503\" class=\"elementor elementor-503\">\n\t\t\t\t<div class=\"elementor-element elementor-element-5cc0276 e-flex e-con-boxed e-con e-parent\" data-id=\"5cc0276\" data-element_type=\"container\" data-e-type=\"container\">\n\t\t\t\t\t<div class=\"e-con-inner\">\n\t\t\t\t<div class=\"elementor-element elementor-element-d755c8e elementor-widget elementor-widget-heading\" data-id=\"d755c8e\" data-element_type=\"widget\" data-e-type=\"widget\" data-widget_type=\"heading.default\">\n\t\t\t\t<div class=\"elementor-widget-container\">\n\t\t\t\t\t<h1 class=\"elementor-heading-title elementor-size-default\">Reserva de forma online un Tour en Tuk Tuk por M\u00e1laga<\/h1>\t\t\t\t<\/div>\n\t\t\t\t<\/div>\n\t\t\t\t<div class=\"elementor-element elementor-element-5b05fb1 elementor-widget elementor-widget-text-editor\" data-id=\"5b05fb1\" data-element_type=\"widget\" data-e-type=\"widget\" data-widget_type=\"text-editor.default\">\n\t\t\t\t<div class=\"elementor-widget-container\">\n\t\t\t\t\t\t\t\t\t<section><h1 style=\"text-align: center;\">\u00a1Bienvenido a M\u00e1laga Tuk Tuk Kair\u00f3s!<\/h1><\/section>\t\t\t\t\t\t\t\t<\/div>\n\t\t\t\t<\/div>\n\t\t\t\t<div class=\"elementor-element elementor-element-a536cd9 elementor-align-center elementor-widget elementor-widget-button\" data-id=\"a536cd9\" data-element_type=\"widget\" data-e-type=\"widget\" data-widget_type=\"button.default\">\n\t\t\t\t<div class=\"elementor-widget-container\">\n\t\t\t\t\t\t\t\t\t<div class=\"elementor-button-wrapper\">\n\t\t\t\t\t<a class=\"elementor-button elementor-button-link elementor-size-sm\" href=\"https:\/\/walktuk.com\/reserva-tuk-tuk\/\">\n\t\t\t\t\t\t<span class=\"elementor-button-content-wrapper\">\n\t\t\t\t\t\t\t\t\t<span class=\"elementor-button-text\">RESERVA AQU\u00cd<\/span>\n\t\t\t\t\t<\/span>\n\t\t\t\t\t<\/a>\n\t\t\t\t<\/div>\n\t\t\t\t\t\t\t\t<\/div>\n\t\t\t\t<\/div>\n\t\t\t\t<div class=\"elementor-element elementor-element-8bf5017 elementor-widget elementor-widget-google_maps\" data-id=\"8bf5017\" data-element_type=\"widget\" data-e-type=\"widget\" data-widget_type=\"google_maps.default\">\n\t\t\t\t<div class=\"elementor-widget-container\">\n\t\t\t\t\t\t\t<div class=\"elementor-custom-embed\">\n\t\t\t<iframe loading=\"lazy\"\n\t\t\t\t\tsrc=\"https:\/\/maps.google.com\/maps?q=Paseo%20de%20la%20farola%2016%2C%20M%C3%A1laga&#038;t=m&#038;z=15&#038;output=embed&#038;iwloc=near\"\n\t\t\t\t\ttitle=\"Paseo de la farola 16, M\u00e1laga\"\n\t\t\t\t\taria-label=\"Paseo de la farola 16, M\u00e1laga\"\n\t\t\t><\/iframe>\n\t\t<\/div>\n\t\t\t\t\t\t<\/div>\n\t\t\t\t<\/div>\n\t\t\t\t<div class=\"elementor-element elementor-element-6e1de67 elementor-widget elementor-widget-text-editor\" data-id=\"6e1de67\" data-element_type=\"widget\" data-e-type=\"widget\" data-widget_type=\"text-editor.default\">\n\t\t\t\t<div class=\"elementor-widget-container\">\n\t\t\t\t\t\t\t\t\t<section><p>Descubre la belleza y la cultura de M\u00e1laga de una manera \u00fanica y divertida. Nuestros tuk tuks, ecol\u00f3gicos y confortables, te llevar\u00e1n a los rincones m\u00e1s emblem\u00e1ticos de la ciudad, desde la impresionante Alcazaba hasta las vibrantes calles del centro hist\u00f3rico. Reserva tu aventura hoy y disfruta de un recorrido personalizado que te permitir\u00e1 conocer la historia, la gastronom\u00eda y el arte de esta joya del sur de Espa\u00f1a. \u00a1Tu aventura en tuk tuk te espera!<\/p><\/section>\t\t\t\t\t\t\t\t<\/div>\n\t\t\t\t<\/div>\n\t\t\t\t\t<\/div>\n\t\t\t\t<\/div>\n\t\t<div class=\"elementor-element elementor-element-632cbfd e-flex e-con-boxed e-con e-parent\" data-id=\"632cbfd\" data-element_type=\"container\" data-e-type=\"container\">\n\t\t\t\t\t<div class=\"e-con-inner\">\n\t\t\t\t\t<\/div>\n\t\t\t\t<\/div>\n\t\t\t\t<\/div>\n\t\t","protected":false},"excerpt":{"rendered":"<p>Reserva de forma online un Tour en Tuk Tuk por M\u00e1laga \u00a1Bienvenido a M\u00e1laga Tuk Tuk Kair\u00f3s! RESERVA AQU\u00cd Descubre la belleza y la cultura de M\u00e1laga de una manera \u00fanica y divertida. Nuestros tuk tuks, ecol\u00f3gicos y confortables, te llevar\u00e1n a los rincones m\u00e1s emblem\u00e1ticos de la ciudad, desde la impresionante Alcazaba hasta las [&#8230;]\n","protected":false},"author":7,"featured_media":0,"parent":0,"menu_order":0,"comment_status":"closed","ping_status":"closed","template":"","meta":{"footnotes":""},"class_list":["post-503","page","type-page","status-publish","hentry"],"aioseo_notices":[],"_links":{"self":[{"href":"https:\/\/tuktukkairos.com\/es_es\/wp-json\/wp\/v2\/pages\/503","targetHints":{"allow":["GET"]}}],"collection":[{"href":"https:\/\/tuktukkairos.com\/es_es\/wp-json\/wp\/v2\/pages"}],"about":[{"href":"https:\/\/tuktukkairos.com\/es_es\/wp-json\/wp\/v2\/types\/page"}],"author":[{"embeddable":true,"href":"https:\/\/tuktukkairos.com\/es_es\/wp-json\/wp\/v2\/users\/7"}],"replies":[{"embeddable":true,"href":"https:\/\/tuktukkairos.com\/es_es\/wp-json\/wp\/v2\/comments?post=503"}],"version-history":[{"count":99,"href":"https:\/\/tuktukkairos.com\/es_es\/wp-json\/wp\/v2\/pages\/503\/revisions"}],"predecessor-version":[{"id":969,"href":"https:\/\/tuktukkairos.com\/es_es\/wp-json\/wp\/v2\/pages\/503\/revisions\/969"}],"wp:attachment":[{"href":"https:\/\/tuktukkairos.com\/es_es\/wp-json\/wp\/v2\/media?parent=503"}],"curies":[{"name":"wp","href":"https:\/\/api.w.org\/{rel}","templated":true}]}}